{"id":1033,"date":"2023-06-13T14:39:23","date_gmt":"2023-06-13T14:39:23","guid":{"rendered":"http:\/\/tndmarkets.com\/?page_id=1033"},"modified":"2026-05-14T13:56:36","modified_gmt":"2026-05-14T13:56:36","slug":"legal-information","status":"publish","type":"page","link":"https:\/\/pbxmarkets.com\/pt-br\/legal-information\/","title":{"rendered":"Legal Information"},"content":{"rendered":"<div class=\"innerpage-wrap legal-page\">\r\n<div class=\"container\">\r\n<div class=\"row\">\r\n\r\n<div class=\"col-lg-6\">\r\n\t    <div class=\"legal-box\">\r\n\t       <h3>Taxas Administrativas<\/h3>\r\n\t\t   <a class=\"common-btn\" href=\"\/wp-content\/themes\/website-theme\/images\/pdf\/Fees-pbx.pdf\">Clique aqui<\/a>\r\n\t    <\/div>\r\n\t <\/div>\r\n\t<div class=\"col-lg-6\">\r\n          <div class=\"legal-box\">\r\n\t\t      <h3>Pol\u00edtica de AML e KYC<\/h3>\r\n\t\t\t  <a class=\"common-btn\" href=\"\/wp-content\/themes\/website-theme\/images\/pdf\/AML-and-KYC-Policy-pbx.pdf\">Clique aqui<\/a>\r\n\t\t  <\/div>\r\n\t  <\/div>\r\n\t <div class=\"col-lg-6\">\r\n          <div class=\"legal-box\">\r\n\t\t      <h3>Termos de B\u00f4nus<\/h3>\r\n\t\t\t  <a class=\"common-btn\" href=\"\/wp-content\/themes\/website-theme\/images\/pdf\/Bonus-Terms-pbx.pdf\">Clique aqui<\/a>\r\n\t\t  <\/div>\r\n\t  <\/div>\r\n      <div class=\"col-lg-6\">\r\n          <div class=\"legal-box\">\r\n\t\t      <h3>Processo de Tratamento de Reclama\u00e7\u00f5es<\/h3>\r\n\t\t\t  <a class=\"common-btn\" href=\"\/wp-content\/themes\/website-theme\/images\/pdf\/Complaints-Handling-Procedure-pbx.pdf\">Clique aqui<\/a>\r\n\t\t  <\/div>\r\n\t  <\/div>\r\n      <div class=\"col-lg-6\">\r\n          <div class=\"legal-box\">\r\n\t\t      <h3>Formul\u00e1rio de Reclama\u00e7\u00f5es<\/h3>\r\n\t\t\t  <a class=\"common-btn\" href=\"\/wp-content\/themes\/website-theme\/images\/pdf\/Complaints-Form-pbx.pdf\">Clique aqui<\/a>\r\n\t\t  <\/div>\r\n\t  <\/div>\r\n    <div class=\"col-lg-6\">\r\n          <div class=\"legal-box\">\r\n\t\t      <h3>Pol\u00edtica de Cookies<\/h3>\r\n\t\t\t  <a class=\"common-btn\" href=\"\/wp-content\/themes\/website-theme\/images\/pdf\/Cookie-Policy-pbx.pdf\">Clique aqui<\/a>\r\n\t\t  <\/div>\r\n\t  <\/div>\r\n\t   <div class=\"col-lg-6\">\r\n          <div class=\"legal-box\">\r\n\t\t      <h3>Termos e Condi\u00e7\u00f5es Gerais<\/h3>\r\n\t\t     <a class=\"common-btn\" href=\"\/wp-content\/themes\/website-theme\/images\/pdf\/Terms-and-Conditions-pbx.pdf\">Clique aqui<\/a>\r\n\t\t  <\/div>\r\n\t  <\/div>    \r\n\t   <div class=\"col-lg-6\">\r\n          <div class=\"legal-box\">\r\n\t\t      <h3>Pol\u00edtica de Reembolsos e Devolu\u00e7\u00f5es<\/h3>\r\n\t\t     <a class=\"common-btn\" href=\"\/wp-content\/themes\/website-theme\/images\/pdf\/Refunds-and-Returns-Policy-pbx.pdf\">Clique aqui<\/a>\r\n\t\t  <\/div>\r\n\t  <\/div>    \r\n\t <div class=\"col-lg-6\">\r\n          <div class=\"legal-box\">\r\n\t\t      <h3>Pol\u00edtica de Privacidade<\/h3>\r\n\t\t     <a class=\"common-btn\" href=\"\/wp-content\/themes\/website-theme\/images\/pdf\/Privacy-policy-pbx.pdf\">Clique aqui<\/a>\r\n\t\t  <\/div>\r\n\t  <\/div>\r\n\t   <div class=\"col-lg-6\">\r\n          <div class=\"legal-box\">\r\n\t\t      <h3>Declara\u00e7\u00e3o de Divulga\u00e7\u00e3o de Riscos<\/h3>\r\n\t\t      <a class=\"common-btn\" href=\"\/wp-content\/themes\/website-theme\/images\/pdf\/RiskDisclosure-pbx.pdf\">Clique aqui<\/a>\r\n\t\t  <\/div>\r\n\t  <\/div>  \r\n<\/div>\r\n<\/div>\r\n<\/div>","protected":false},"excerpt":{"rendered":"Taxas Administrativas Clique aqui Pol\u00edtica de AML e KYC Clique aqui Termos de B\u00f4nus Clique aqui Processo de Tratamento de Reclama\u00e7\u00f5es Clique aqui Formul\u00e1rio de Reclama\u00e7\u00f5es Clique aqui Pol\u00edtica de Cookies Clique aqui Termos e Condi\u00e7\u00f5es Gerais Clique aqui Pol\u00edtica de Reembolsos e Devolu\u00e7\u00f5es Clique aqui Pol\u00edtica de Privacidade Clique aqui Declara\u00e7\u00e3o de Divulga\u00e7\u00e3o de &hellip;","protected":false},"author":6,"featured_media":0,"parent":0,"menu_order":0,"comment_status":"closed","ping_status":"closed","template":"fullwidth-page.php","meta":{"footnotes":""},"class_list":["post-1033","page","type-page","status-publish","hentry"],"_links":{"self":[{"href":"https:\/\/pbxmarkets.com\/pt-br\/wp-json\/wp\/v2\/pages\/1033","targetHints":{"allow":["GET"]}}],"collection":[{"href":"https:\/\/pbxmarkets.com\/pt-br\/wp-json\/wp\/v2\/pages"}],"about":[{"href":"https:\/\/pbxmarkets.com\/pt-br\/wp-json\/wp\/v2\/types\/page"}],"author":[{"embeddable":true,"href":"https:\/\/pbxmarkets.com\/pt-br\/wp-json\/wp\/v2\/users\/6"}],"replies":[{"embeddable":true,"href":"https:\/\/pbxmarkets.com\/pt-br\/wp-json\/wp\/v2\/comments?post=1033"}],"version-history":[{"count":2,"href":"https:\/\/pbxmarkets.com\/pt-br\/wp-json\/wp\/v2\/pages\/1033\/revisions"}],"predecessor-version":[{"id":1256,"href":"https:\/\/pbxmarkets.com\/pt-br\/wp-json\/wp\/v2\/pages\/1033\/revisions\/1256"}],"wp:attachment":[{"href":"https:\/\/pbxmarkets.com\/pt-br\/wp-json\/wp\/v2\/media?parent=1033"}],"curies":[{"name":"wp","href":"https:\/\/api.w.org\/{rel}","templated":true}]}}