{"id":707,"date":"2023-06-14T13:13:51","date_gmt":"2023-06-14T13:13:51","guid":{"rendered":"http:\/\/staging.xmrmarkets.com\/faq\/"},"modified":"2024-01-03T09:18:04","modified_gmt":"2024-01-03T09:18:04","slug":"faq","status":"publish","type":"page","link":"https:\/\/pbxmarkets.com\/es\/faq\/","title":{"rendered":"Preguntas m\u00e1s frecuentes"},"content":{"rendered":"<div class=\"innerpage-wrap faq-page\">\r\n  <div class=\"container\">\r\n    <div class=\"row\">\r\n  \r\n   <div class=\"accordion\" id=\"accordionExample\">\r\n   <div class=\"accordion-item\">\r\n    <h2 class=\"accordion-header\" id=\"headingOne\">\r\n      <button class=\"accordion-button\" type=\"button\" data-bs-toggle=\"collapse\" data-bs-target=\"#collapseOne\" aria-expanded=\"true\" aria-controls=\"collapseOne\">\r\n       \u00bfEn qu\u00e9 podemos ayudarte hoy?\r\n      <\/button>\r\n    <\/h2>\r\n    <div id=\"collapseOne\" class=\"accordion-collapse collapse show\" aria-labelledby=\"headingOne\" data-bs-parent=\"#accordionExample\">\r\n      <div class=\"accordion-body\">\r\n       <p>Para abrir una cuenta real <a href=\"#!\">Hacer clic aqu\u00ed <\/a> . Elegir <a href=\"\/es\/account-type\">el tipo de cuenta <\/a> que mejor se adapte a ti, completa el registro en l\u00ednea, env\u00eda tus documentos y estate listo para comenzar a operar.<\/p>\r\n      <\/div>\r\n    <\/div>\r\n  <\/div>\r\n  <div class=\"accordion-item\">\r\n    <h2 class=\"accordion-header\" id=\"headingTwo\">\r\n      <button class=\"accordion-button collapsed\" type=\"button\" data-bs-toggle=\"collapse\" data-bs-target=\"#collapseTwo\" aria-expanded=\"false\" aria-controls=\"collapseTwo\">\r\n       Olvid\u00e9 mi contrase\u00f1a\/datos de inicio de sesi\u00f3n\r\n      <\/button>\r\n    <\/h2>\r\n    <div id=\"collapseTwo\" class=\"accordion-collapse collapse\" aria-labelledby=\"headingTwo\" data-bs-parent=\"#accordionExample\">\r\n      <div class=\"accordion-body\">\r\n         <p>Hay varias formas de restablecer tu contrase\u00f1a. La forma m\u00e1s sencilla es hacer clic en el bot\u00f3n \u00bfOlvid\u00e9 mi contrase\u00f1a? o restablecerla a trav\u00e9s de la<a href=\"#!\">p\u00e1gina de recuperaci\u00f3n de contrase\u00f1a. <\/a><\/p>\r\n      <\/div>\r\n    <\/div>\r\n  <\/div>\r\n  <div class=\"accordion-item\">\r\n    <h2 class=\"accordion-header\" id=\"headingThree\">\r\n      <button class=\"accordion-button collapsed\" type=\"button\" data-bs-toggle=\"collapse\" data-bs-target=\"#collapseThree\" aria-expanded=\"false\" aria-controls=\"collapseThree\">\r\n       \u00bfCu\u00e1l es la diferencia entre la cuenta demo y la cuenta real?\r\n      <\/button>\r\n    <\/h2>\r\n    <div id=\"collapseThree\" class=\"accordion-collapse collapse\" aria-labelledby=\"headingThree\" data-bs-parent=\"#accordionExample\">\r\n      <div class=\"accordion-body\">\r\n        <p>La funcionalidad de la cuenta demo es similar a la de la cuenta real. En una demostraci\u00f3n, puede operar con dinero virtual, mientras que con una cuenta real, antes de poder comenzar a operar, debes depositar fondos reales. Una cuenta de demostraci\u00f3n es la mejor manera para que los operadores sin experiencia exploren el mundo del trading de Forex, donde pueden aprender, practicar y probar diferentes estilos de trading .<\/p>        \r\n    <\/div>\r\n    <\/div>\r\n  <\/div>\r\n  \r\n  <div class=\"accordion-item\">\r\n    <h2 class=\"accordion-header\" id=\"headingFour\">\r\n      <button class=\"accordion-button collapsed\" type=\"button\" data-bs-toggle=\"collapse\" data-bs-target=\"#collapseFour\" aria-expanded=\"false\" aria-controls=\"collapseFour\">\r\n        \u00bfOfrecen una cuenta sin swap?\r\n      <\/button>\r\n    <\/h2>\r\n    <div id=\"collapseFour\" class=\"accordion-collapse collapse\" aria-labelledby=\"headingFour\" data-bs-parent=\"#accordionExample\">\r\n      <div class=\"accordion-body\">\r\n        <p>S\u00ed. Puedes solicitarlo poni\u00e9ndote en contacto con tu gestor de cuentas.<\/p>        \r\n    <\/div>\r\n    <\/div>\r\n  <\/div>\r\n  \r\n<div class=\"accordion-item\">\r\n    <h2 class=\"accordion-header\" id=\"headingFours\">\r\n      <button class=\"accordion-button collapsed\" type=\"button\" data-bs-toggle=\"collapse\" data-bs-target=\"#collapseFours\" aria-expanded=\"false\" aria-controls=\"collapseFours\">\r\n        \u00bfCu\u00e1l es el dep\u00f3sito m\u00ednimo?\r\n      <\/button>\r\n    <\/h2>\r\n    <div id=\"collapseFours\" class=\"accordion-collapse collapse\" aria-labelledby=\"headingFours\" data-bs-parent=\"#accordionExample\">\r\n      <div class=\"accordion-body\">\r\n        <p>El dep\u00f3sito inicial m\u00ednimo depende del tipo de cuenta seleccionado, pero el m\u00ednimo para comenzar a operar es de 250 EUR o GBP.<\/p>   \r\n    <\/div>\r\n    <\/div>\r\n<\/div>  \r\n\r\n\r\n<div class=\"accordion-item\">\r\n    <h2 class=\"accordion-header\" id=\"headingFive\">\r\n      <button class=\"accordion-button collapsed\" type=\"button\" data-bs-toggle=\"collapse\" data-bs-target=\"#collapseFive\" aria-expanded=\"false\" aria-controls=\"collapseFive\">\r\n        \u00bfEn qu\u00e9 puedo depositar?\r\n      <\/button>\r\n    <\/h2>\r\n    <div id=\"collapseFive\" class=\"accordion-collapse collapse\" aria-labelledby=\"headingFive\" data-bs-parent=\"#accordionExample\">\r\n      <div class=\"accordion-body\">\r\n        <p>Es posible realizar un dep\u00f3sito en EUR o GBP.<\/p>   \r\n    <\/div>\r\n    <\/div>\r\n<\/div>  \r\n\r\n<div class=\"accordion-item\">\r\n    <h2 class=\"accordion-header\" id=\"headingSix\">\r\n      <button class=\"accordion-button collapsed\" type=\"button\" data-bs-toggle=\"collapse\" data-bs-target=\"#collapseSix\" aria-expanded=\"false\" aria-controls=\"collapseSix\">\r\n        \u00bfQu\u00e9 m\u00e9todos de dep\u00f3sito aceptan?\r\n      <\/button>\r\n    <\/h2>\r\n    <div id=\"collapseSix\" class=\"accordion-collapse collapse\" aria-labelledby=\"headingSix\" data-bs-parent=\"#accordionExample\">\r\n      <div class=\"accordion-body\">\r\n        <p>Aceptamos una variedad de opciones de dep\u00f3sito: todas las principales tarjetas de cr\u00e9dito (Visa, MasterCard, Maestro), transferencia bancaria, m\u00e9todos de pago alternativos como WebMoney, Skrill, Neteller, etc.<\/p>         \r\n    <\/div>\r\n    <\/div>\r\n<\/div>  \r\n\r\n<div class=\"accordion-item\">\r\n    <h2 class=\"accordion-header\" id=\"headingSeven\">\r\n      <button class=\"accordion-button collapsed\" type=\"button\" data-bs-toggle=\"collapse\" data-bs-target=\"#collapseSeven\" aria-expanded=\"false\" aria-controls=\"collapseSeven\">\r\n        \u00bfCu\u00e1nto tiempo lleva retirar mis fondos?\r\n      <\/button>\r\n    <\/h2>\r\n    <div id=\"collapseSeven\" class=\"accordion-collapse collapse\" aria-labelledby=\"headingSeven\" data-bs-parent=\"#accordionExample\">\r\n      <div class=\"accordion-body\">\r\n        <p>Las solicitudes de retiro generalmente se procesan dentro de 5 a 10 d\u00edas h\u00e1biles. Ten en cuenta que los retiros solo se realizar\u00e1n a cuentas que hayan completado el procedimiento de verificaci\u00f3n.<\/p>         \r\n    <\/div>\r\n    <\/div>\r\n<\/div>  \r\n\r\n<\/div>\r\n  \r\n  <\/div>  \r\n  <\/div>  \r\n<\/div>","protected":false},"excerpt":{"rendered":"\u00bfEn qu\u00e9 podemos ayudarte hoy? Para abrir una cuenta real Hacer clic aqu\u00ed . Elegir el tipo de cuenta que mejor se adapte a ti, completa el registro en l\u00ednea, env\u00eda tus documentos y estate listo para comenzar a operar. Olvid\u00e9 mi contrase\u00f1a\/datos de inicio de sesi\u00f3n Hay varias formas de restablecer tu contrase\u00f1a. La &hellip;","protected":false},"author":6,"featured_media":0,"parent":0,"menu_order":0,"comment_status":"closed","ping_status":"closed","template":"fullwidth-page.php","meta":{"footnotes":""},"class_list":["post-707","page","type-page","status-publish","hentry"],"_links":{"self":[{"href":"https:\/\/pbxmarkets.com\/es\/wp-json\/wp\/v2\/pages\/707","targetHints":{"allow":["GET"]}}],"collection":[{"href":"https:\/\/pbxmarkets.com\/es\/wp-json\/wp\/v2\/pages"}],"about":[{"href":"https:\/\/pbxmarkets.com\/es\/wp-json\/wp\/v2\/types\/page"}],"author":[{"embeddable":true,"href":"https:\/\/pbxmarkets.com\/es\/wp-json\/wp\/v2\/users\/6"}],"replies":[{"embeddable":true,"href":"https:\/\/pbxmarkets.com\/es\/wp-json\/wp\/v2\/comments?post=707"}],"version-history":[{"count":5,"href":"https:\/\/pbxmarkets.com\/es\/wp-json\/wp\/v2\/pages\/707\/revisions"}],"predecessor-version":[{"id":910,"href":"https:\/\/pbxmarkets.com\/es\/wp-json\/wp\/v2\/pages\/707\/revisions\/910"}],"wp:attachment":[{"href":"https:\/\/pbxmarkets.com\/es\/wp-json\/wp\/v2\/media?parent=707"}],"curies":[{"name":"wp","href":"https:\/\/api.w.org\/{rel}","templated":true}]}}