{"id":695,"date":"2023-06-13T14:39:23","date_gmt":"2023-06-13T14:39:23","guid":{"rendered":"http:\/\/staging.xmrmarkets.com\/legal-information\/"},"modified":"2026-05-14T13:57:18","modified_gmt":"2026-05-14T13:57:18","slug":"legal-information","status":"publish","type":"page","link":"https:\/\/pbxmarkets.com\/es\/legal-information\/","title":{"rendered":"Informaci\u00f3n legal"},"content":{"rendered":"<div class=\"innerpage-wrap legal-page\">\r\n<div class=\"container\">\r\n<div class=\"row\">\r\n\r\n<div class=\"col-lg-6\">\r\n\t    <div class=\"legal-box\">\r\n\t       <h3>Tarifas Administrativas<\/h3>\r\n\t\t   <a class=\"common-btn\" href=\"\/wp-content\/themes\/website-theme\/images\/pdf\/Fees-pbx.pdf\">Haga clic aqu\u00ed<\/a>\r\n\t    <\/div>\r\n\t <\/div>\r\n\t<div class=\"col-lg-6\">\r\n          <div class=\"legal-box\">\r\n\t\t      <h3>Pol\u00edtica de AML y KYC<\/h3>\r\n\t\t\t  <a class=\"common-btn\" href=\"\/wp-content\/themes\/website-theme\/images\/pdf\/AML-and-KYC-Policy-pbx.pdf\">Haga clic aqu\u00ed<\/a>\r\n\t\t  <\/div>\r\n\t  <\/div>\r\n\t <div class=\"col-lg-6\">\r\n          <div class=\"legal-box\">\r\n\t\t      <h3>T\u00e9rminos de Bonificaci\u00f3n<\/h3>\r\n\t\t\t  <a class=\"common-btn\" href=\"\/wp-content\/themes\/website-theme\/images\/pdf\/Bonus-Terms-pbx.pdf\">Haga clic aqu\u00ed<\/a>\r\n\t\t  <\/div>\r\n\t  <\/div>\r\n      <div class=\"col-lg-6\">\r\n          <div class=\"legal-box\">\r\n\t\t      <h3>Proceso de Gesti\u00f3n de Quejas<\/h3>\r\n\t\t\t  <a class=\"common-btn\" href=\"\/wp-content\/themes\/website-theme\/images\/pdf\/Complaints-Handling-Procedure-pbx.pdf\">Haga clic aqu\u00ed<\/a>\r\n\t\t  <\/div>\r\n\t  <\/div>\r\n      <div class=\"col-lg-6\">\r\n          <div class=\"legal-box\">\r\n\t\t      <h3>Formulario de Quejas<\/h3>\r\n\t\t\t  <a class=\"common-btn\" href=\"\/wp-content\/themes\/website-theme\/images\/pdf\/Complaints-Form-pbx.pdf\">Haga clic aqu\u00ed<\/a>\r\n\t\t  <\/div>\r\n\t  <\/div>\r\n    <div class=\"col-lg-6\">\r\n          <div class=\"legal-box\">\r\n\t\t      <h3>Pol\u00edtica de Cookies<\/h3>\r\n\t\t\t  <a class=\"common-btn\" href=\"\/wp-content\/themes\/website-theme\/images\/pdf\/Cookie-Policy-pbx.pdf\">Haga clic aqu\u00ed<\/a>\r\n\t\t  <\/div>\r\n\t  <\/div>\r\n\t   <div class=\"col-lg-6\">\r\n          <div class=\"legal-box\">\r\n\t\t      <h3>T\u00e9rminos y Condiciones Generales<\/h3>\r\n\t\t     <a class=\"common-btn\" href=\"\/wp-content\/themes\/website-theme\/images\/pdf\/Terms-and-Conditions-pbx.pdf\">Haga clic aqu\u00ed<\/a>\r\n\t\t  <\/div>\r\n\t  <\/div>    \r\n\t   <div class=\"col-lg-6\">\r\n          <div class=\"legal-box\">\r\n\t\t      <h3>Pol\u00edtica de Reembolsos y Devoluciones<\/h3>\r\n\t\t     <a class=\"common-btn\" href=\"\/wp-content\/themes\/website-theme\/images\/pdf\/Refunds-and-Returns-Policy-pbx.pdf\">Haga clic aqu\u00ed<\/a>\r\n\t\t  <\/div>\r\n\t  <\/div>    \r\n\t <div class=\"col-lg-6\">\r\n          <div class=\"legal-box\">\r\n\t\t      <h3>Pol\u00edtica de Privacidad<\/h3>\r\n\t\t     <a class=\"common-btn\" href=\"\/wp-content\/themes\/website-theme\/images\/pdf\/Privacy-policy-pbx.pdf\">Haga clic aqu\u00ed<\/a>\r\n\t\t  <\/div>\r\n\t  <\/div>\r\n\t   <div class=\"col-lg-6\">\r\n          <div class=\"legal-box\">\r\n\t\t      <h3>Declaraci\u00f3n de Divulgaci\u00f3n de Riesgos<\/h3>\r\n\t\t      <a class=\"common-btn\" href=\"\/wp-content\/themes\/website-theme\/images\/pdf\/RiskDisclosure-pbx.pdf\">Haga clic aqu\u00ed<\/a>\r\n\t\t  <\/div>\r\n\t  <\/div>  \r\n<\/div>\r\n<\/div>\r\n<\/div>","protected":false},"excerpt":{"rendered":"Tarifas Administrativas Haga clic aqu\u00ed Pol\u00edtica de AML y KYC Haga clic aqu\u00ed T\u00e9rminos de Bonificaci\u00f3n Haga clic aqu\u00ed Proceso de Gesti\u00f3n de Quejas Haga clic aqu\u00ed Formulario de Quejas Haga clic aqu\u00ed Pol\u00edtica de Cookies Haga clic aqu\u00ed T\u00e9rminos y Condiciones Generales Haga clic aqu\u00ed Pol\u00edtica de Reembolsos y Devoluciones Haga clic aqu\u00ed Pol\u00edtica &hellip;","protected":false},"author":6,"featured_media":0,"parent":0,"menu_order":0,"comment_status":"closed","ping_status":"closed","template":"fullwidth-page.php","meta":{"footnotes":""},"class_list":["post-695","page","type-page","status-publish","hentry"],"_links":{"self":[{"href":"https:\/\/pbxmarkets.com\/es\/wp-json\/wp\/v2\/pages\/695","targetHints":{"allow":["GET"]}}],"collection":[{"href":"https:\/\/pbxmarkets.com\/es\/wp-json\/wp\/v2\/pages"}],"about":[{"href":"https:\/\/pbxmarkets.com\/es\/wp-json\/wp\/v2\/types\/page"}],"author":[{"embeddable":true,"href":"https:\/\/pbxmarkets.com\/es\/wp-json\/wp\/v2\/users\/6"}],"replies":[{"embeddable":true,"href":"https:\/\/pbxmarkets.com\/es\/wp-json\/wp\/v2\/comments?post=695"}],"version-history":[{"count":8,"href":"https:\/\/pbxmarkets.com\/es\/wp-json\/wp\/v2\/pages\/695\/revisions"}],"predecessor-version":[{"id":1257,"href":"https:\/\/pbxmarkets.com\/es\/wp-json\/wp\/v2\/pages\/695\/revisions\/1257"}],"wp:attachment":[{"href":"https:\/\/pbxmarkets.com\/es\/wp-json\/wp\/v2\/media?parent=695"}],"curies":[{"name":"wp","href":"https:\/\/api.w.org\/{rel}","templated":true}]}}